{"id":302,"date":"2019-09-24T11:29:25","date_gmt":"2019-09-24T09:29:25","guid":{"rendered":"https:\/\/zauberlehrling.dk\/?page_id=302"},"modified":"2019-09-24T17:52:08","modified_gmt":"2019-09-24T15:52:08","slug":"niels-mikkelsen-video","status":"publish","type":"page","link":"https:\/\/zauberlehrling.dk\/de\/niels-mikkelsen-video\/","title":{"rendered":"Niels Mikkelsen, Video"},"content":{"rendered":"<figure class=\"wp-block-image is-resized\"><img loading=\"lazy\" src=\"https:\/\/zauberlehrling.dk\/wp-content\/uploads\/2019\/09\/nielsmikkelsen.png\" alt=\"\" class=\"wp-image-310\" width=\"317\" height=\"423\" srcset=\"https:\/\/zauberlehrling.dk\/wp-content\/uploads\/2019\/09\/nielsmikkelsen.png 450w, https:\/\/zauberlehrling.dk\/wp-content\/uploads\/2019\/09\/nielsmikkelsen-225x300.png 225w\" sizes=\"(max-width: 317px) 100vw, 317px\" \/><\/figure>\n\n\n\n<p>Niels Mikkelsen (NM) er f\u00f8dt 1968 og har en kandidatuddannelse i filosofi og litteratur fra K\u00f8benhavns Universitet. NM har desuden uddannet sig som filmmager, p\u00e5 hhv. den Europ\u00e6iske Filmh\u00f8jskole og p\u00e5 Kort &amp; Dokumentarfilmskolen. <br>\nMed denne uddannelsesbaggrund har NM dels arbejdet inden for den kreative verden med film (prim\u00e6rt dokumentar og manuskript) og konceptudvikling, \u2013 og dels arbejdet som professionel konsulent \u2013 tidligere inden for undervisningssektoren, som innovationskonsulent, og nu som selvst\u00e6ndig konsulent i partnerskab med en anden erfaren innovationskonsulent. NM arbejder sidel\u00f8bende med kunstneriske projekter, hvilket er et must for at n\u00e6re den kreative \u00e5re, han ogs\u00e5 profiterer af i sit innovationsarbejde. <br>\nNM har s\u00e5ledes arbejdet sammen med Contempor\u00e1nea &#8211; Live Electronics Denmark ad flere omgang, b\u00e5de i forbindelse med dokumentation af festivaler, koncerter og turneer og med visualisering af de  musikalske udtryk. Det st\u00f8rste og seneste v\u00e6rk de har skabt sammen er skolekoncertforestillingen Skyggen \u2013 efter H.C. Andersens uhyggelige eventyr fra 1847. Her stod NM for gendigtningen af eventyret til en audiovisuel musikperformance og at skabe det filmiske element i skyggens fordobling af virkeligheden. I arbejdet med dette v\u00e6rk smeltede NMs kreative opgaver ideelt sammen med hans viden fra filosofi og litteratur og hans filmh\u00e5ndv\u00e6rk. <br>\nDe gode erfaringer med dette arbejde vil blive videref\u00f8rt i arbejdet med at skabe det visuelle univers i projekt Zauberlehrlings forestilling efter Johan Wolfgang von Goethe\u2019s Troldmandens l\u00e6rling. \udbff\udc1c\udbff\udc2a\udbff\udc05\udbff\udc0d\udbff\udc2b\udbff\udc18\udbff\udc02\udbff\udc04\udbff\udc18\udbff\udc2c\udbff\udc02\udbff\udc04\udbff\udc0e\udbff\udc1e\udbff\udc06\udbff\udc1c\udbff\udc1a<\/p>","protected":false},"excerpt":{"rendered":"<p>Niels Mikkelsen (NM) er f\u00f8dt 1968 og har en kandidatuddannelse i filosofi og litteratur fra K\u00f8benhavns Universitet. NM har desuden uddannet sig som filmmager, p\u00e5 hhv. den Europ\u00e6iske Filmh\u00f8jskole og p\u00e5 Kort &amp; Dokumentarfilmskolen. Med denne uddannelsesbaggrund har NM dels arbejdet inden for den kreative verden med film (prim\u00e6rt dokumentar og manuskript) og konceptudvikling, \u2013 &hellip; <\/p>\n<p class=\"link-more\"><a href=\"https:\/\/zauberlehrling.dk\/de\/niels-mikkelsen-video\/\" class=\"more-link\"><span class=\"screen-reader-text\">\u201eNiels Mikkelsen, Video\u201c<\/span> weiterlesen<\/a><\/p>","protected":false},"author":1,"featured_media":0,"parent":0,"menu_order":0,"comment_status":"closed","ping_status":"closed","template":"","meta":[],"_links":{"self":[{"href":"https:\/\/zauberlehrling.dk\/de\/wp-json\/wp\/v2\/pages\/302"}],"collection":[{"href":"https:\/\/zauberlehrling.dk\/de\/wp-json\/wp\/v2\/pages"}],"about":[{"href":"https:\/\/zauberlehrling.dk\/de\/wp-json\/wp\/v2\/types\/page"}],"author":[{"embeddable":true,"href":"https:\/\/zauberlehrling.dk\/de\/wp-json\/wp\/v2\/users\/1"}],"replies":[{"embeddable":true,"href":"https:\/\/zauberlehrling.dk\/de\/wp-json\/wp\/v2\/comments?post=302"}],"version-history":[{"count":3,"href":"https:\/\/zauberlehrling.dk\/de\/wp-json\/wp\/v2\/pages\/302\/revisions"}],"predecessor-version":[{"id":311,"href":"https:\/\/zauberlehrling.dk\/de\/wp-json\/wp\/v2\/pages\/302\/revisions\/311"}],"wp:attachment":[{"href":"https:\/\/zauberlehrling.dk\/de\/wp-json\/wp\/v2\/media?parent=302"}],"curies":[{"name":"wp","href":"https:\/\/api.w.org\/{rel}","templated":true}]}}