{"id":78,"date":"2019-08-05T09:31:55","date_gmt":"2019-08-05T07:31:55","guid":{"rendered":"http:\/\/zauberlehrling.dk\/?page_id=78"},"modified":"2022-01-12T15:17:58","modified_gmt":"2022-01-12T14:17:58","slug":"wolfgang-haentsch","status":"publish","type":"page","link":"https:\/\/zauberlehrling.dk\/de\/wolfgang-haentsch\/","title":{"rendered":"Wolfgang H\u00e4ntsch, Skuespiller"},"content":{"rendered":"<figure class=\"wp-block-image is-resized\"><img loading=\"lazy\" src=\"https:\/\/zauberlehrling.dk\/wp-content\/uploads\/2019\/09\/Sk\u00e6rmbillede-2019-09-11-kl.-09.57.15.png\" alt=\"\" class=\"wp-image-141\" width=\"408\" height=\"511\" srcset=\"https:\/\/zauberlehrling.dk\/wp-content\/uploads\/2019\/09\/Sk\u00e6rmbillede-2019-09-11-kl.-09.57.15.png 570w, https:\/\/zauberlehrling.dk\/wp-content\/uploads\/2019\/09\/Sk\u00e6rmbillede-2019-09-11-kl.-09.57.15-239x300.png 239w\" sizes=\"(max-width: 408px) 100vw, 408px\" \/><\/figure>\n\n\n\n<p><strong>Wolfgang H\u00e4ntsch * 1951 (WH)<\/strong><\/p>\n\n\n\n<p>Wolfgang erhielt seine Ausbildung in Leipzig und spielte seitdem in \u00fcber 100 B\u00fchnenrollen unter anderem in Berlin (Schillertheater, Renaissance Theater), Stuttgart, Wien, Genf, Br\u00fcssel, N\u00fcrnberg, Weimar und Hamburg.<\/p>\n\n\n\n<p>Neben seiner Theatert\u00e4tigkeit hat er in zahlreichen Film- und Fernsehproduktionen mitgespielt. An der Seite von Iris Berben, Dieter Pfaff, Inge Meisel und vielen anderen bekannten Film- und Fernsehstars kann er ein breites Rollenspektrum vorweisen. Er spielte in preisgekr\u00f6nten Filmen wie \u201eSchande\u201c, \u201eDer Bader-Meinhoff-Komplex\u201c und stand in dem f\u00fcr den  Oscar nominierten Film \u201eEin russischer Sommer\u201c mit Helen Mirren vor der Kamera. Seit 1975 produzierte und inszenierte er auch eigene, meist internationale Kultur- und Theater- und Festivalprojekte wie \"Tage der chinesischen Geschichte und Kultur\" in Berlin, \u201eTheaterkontinent Germania\u201c in Frankreich und \u201eEpop\u00e9e de l\u2019Europe\u201c in der Schweiz.<br>2005 gr\u00fcndete er \u201eEpop\u00e9e de l\u2019Europe e.V.\u201c in Berlin, eine Organisation, die sich vor allem dem kulturellen Austausch mit osteurop\u00e4ischen L\u00e4ndern verpflichtet hat und realisierte mehrere Projekte in Belarus, der Ukraine, Rum\u00e4nien und Moldova.<\/p>\n\n\n\n<p class=\" translation-block\">Neben seinen k\u00fcnstlerischen Ausfl\u00fcgen ins Musical (z.B. als Toddy in \"Victor&amp;Victoria\" in Dresden und als Mickey in \u201eRocky \u2013 Das Musical\u201c) hat er sich auch in anderen Genres und Arbeitsfeldern ausprobiert, so z.B. in Opern-Schauspiel-Produktionen in der N\u00fcrnberger Meistersingerhalle mit Adaptationen von \u201eCarmen\u201c und \u201eLa Traviata\u201c,  im Tanztheater (\u201eUnterStrom\u201c im Dock 11 Berlin), in der Zusammenarbeit mit dem d\u00e4nischen Ensemble Contempor\u00e1nea (Electroacoustic), als Schauspiellehrer, sowie als Sprecher f\u00fcr Dokumentationen, im H\u00f6rbuch-, H\u00f6rspiel- und Sychronbereich.\nZuletzt war er als Gast an der Komischen Oper Berlin in Offenbachs \u201eBlaubart\u201c engagiert und \u00fcbernimmt ab September 2019 eine Hauptrolle in der Fernsehderie \u201eRote Rosen\u201c..<\/p>\n\n\n\n<p>Link<\/p>\n\n\n\n<p><a href=\"http:\/\/www.schauspielervideos.de\/fullprofile\/schauspieler-wolfgang-haentsch.html\" target=\"_blank\" rel=\"noreferrer noopener\" aria-label=\" (\u00e5bner i en ny fane)\">http:\/\/www.schauspielervideos.de\/fullprofile\/schauspieler-wolfgang-haentsch.html<\/a> <\/p>\n\n\n\n<p><a href=\"https:\/\/de.wikipedia.org\/wiki\/Wolfgang_H\u00e4ntsch\" target=\"_blank\" rel=\"noreferrer noopener\" aria-label=\" (\u00e5bner i en ny fane)\">https:\/\/de.wikipedia.org\/wiki\/Wolfgang_H\u00e4ntsch<\/a><\/p>","protected":false},"excerpt":{"rendered":"<p>Wolfgang H\u00e4ntsch * 1951 (WH) Wolfgang H\u00e4ntsch (WH) er uddannet skuespiller i Leipzig og har siden spillet mere end 100 roller i Berlin (Schiller Theatre, Renaissance Theatre), Stuttgart, Wien, Gen\u00e8ve, Bruxelles, N\u00fcrnberg, Weimar og Hamborg. Udover teatre har WH medvirket i adskillige film- og tvproduktioner. Sammen med Iris Berben, Dieter Pfaff, Inge Meisel og mange &hellip; <\/p>\n<p class=\"link-more\"><a href=\"https:\/\/zauberlehrling.dk\/de\/wolfgang-haentsch\/\" class=\"more-link\"><span class=\"screen-reader-text\">\u201eWolfgang H\u00e4ntsch, Skuespiller\u201c<\/span> weiterlesen<\/a><\/p>","protected":false},"author":1,"featured_media":0,"parent":0,"menu_order":0,"comment_status":"closed","ping_status":"closed","template":"","meta":[],"_links":{"self":[{"href":"https:\/\/zauberlehrling.dk\/de\/wp-json\/wp\/v2\/pages\/78"}],"collection":[{"href":"https:\/\/zauberlehrling.dk\/de\/wp-json\/wp\/v2\/pages"}],"about":[{"href":"https:\/\/zauberlehrling.dk\/de\/wp-json\/wp\/v2\/types\/page"}],"author":[{"embeddable":true,"href":"https:\/\/zauberlehrling.dk\/de\/wp-json\/wp\/v2\/users\/1"}],"replies":[{"embeddable":true,"href":"https:\/\/zauberlehrling.dk\/de\/wp-json\/wp\/v2\/comments?post=78"}],"version-history":[{"count":13,"href":"https:\/\/zauberlehrling.dk\/de\/wp-json\/wp\/v2\/pages\/78\/revisions"}],"predecessor-version":[{"id":612,"href":"https:\/\/zauberlehrling.dk\/de\/wp-json\/wp\/v2\/pages\/78\/revisions\/612"}],"wp:attachment":[{"href":"https:\/\/zauberlehrling.dk\/de\/wp-json\/wp\/v2\/media?parent=78"}],"curies":[{"name":"wp","href":"https:\/\/api.w.org\/{rel}","templated":true}]}}